{"id":253,"date":"2014-07-22T10:20:15","date_gmt":"2014-07-22T08:20:15","guid":{"rendered":"http:\/\/www.olg-anwaelte.de\/wordpress\/?page_id=253"},"modified":"2022-12-19T18:03:47","modified_gmt":"2022-12-19T16:03:47","slug":"immaterialgueterrecht","status":"publish","type":"page","link":"https:\/\/www.olg-anwaelte.de\/?page_id=253","title":{"rendered":"Immaterialg\u00fcterrecht"},"content":{"rendered":"<p><!--:de-->Meine Mandanten sind innovative Unternehmen, die neue Produkte entwickeln und vermarken. Ich sch\u00fctze f\u00fcr meine Mandanten die Markenrechte, Patentrechte, Geschmacksmuster-, Gebrauchsmuster- und Urheberrechte. So wird meinen Mandanten die erfolgreiche kommerzielle Nutzung gesichert. Ich trage z. B. f\u00fcr meine Mandanten die neuen Marken beim Europ\u00e4ischen Markenamt (HABM) oder auch beim Deutschen Patent- und Markenamt (DPMA) ein. Durch das F\u00fchren von Widerspruchs- oder Nichtigkeitsverfahren gegen Dritte verteidigen und sichern wir die Marken und die anderen Rechte unserer Mandanten.<\/p>\n<p>Wir recherchieren f\u00fcr unsere Mandanten in deren Gesch\u00e4ftsfeld die oft gut getarnten Rechtsverst\u00f6\u00dfe Dritter. Mit unseren eigens entwickelten Schutzrechtstrategien verfolgen wir f\u00fcr unsere Mandanten jeden aufgedeckten Rechtsversto\u00df mit Nachdruck. Bei Vorliegen der Voraussetzungen werden von uns auch die gro\u00dfen Verkaufsplattformen wie eBay, Amazon und Google in die Haftung genommen.<!--:--><\/p>\n","protected":false},"excerpt":{"rendered":"<p>Meine Mandanten sind innovative Unternehmen, die neue Produkte entwickeln und vermarken. Ich sch\u00fctze f\u00fcr meine Mandanten die Markenrechte, Patentrechte, Geschmacksmuster-, Gebrauchsmuster- und Urheberrechte. So wird meinen Mandanten die erfolgreiche kommerzielle Nutzung gesichert. Ich trage z. B. f\u00fcr meine Mandanten die &hellip; <a href=\"https:\/\/www.olg-anwaelte.de\/?page_id=253\">Weiterlesen <span class=\"meta-nav\">&rarr;<\/span><\/a><\/p>\n","protected":false},"author":3,"featured_media":0,"parent":0,"menu_order":0,"comment_status":"closed","ping_status":"closed","template":"page-personal.php","meta":[],"_links":{"self":[{"href":"https:\/\/www.olg-anwaelte.de\/index.php?rest_route=\/wp\/v2\/pages\/253"}],"collection":[{"href":"https:\/\/www.olg-anwaelte.de\/index.php?rest_route=\/wp\/v2\/pages"}],"about":[{"href":"https:\/\/www.olg-anwaelte.de\/index.php?rest_route=\/wp\/v2\/types\/page"}],"author":[{"embeddable":true,"href":"https:\/\/www.olg-anwaelte.de\/index.php?rest_route=\/wp\/v2\/users\/3"}],"replies":[{"embeddable":true,"href":"https:\/\/www.olg-anwaelte.de\/index.php?rest_route=%2Fwp%2Fv2%2Fcomments&post=253"}],"version-history":[{"count":6,"href":"https:\/\/www.olg-anwaelte.de\/index.php?rest_route=\/wp\/v2\/pages\/253\/revisions"}],"predecessor-version":[{"id":491,"href":"https:\/\/www.olg-anwaelte.de\/index.php?rest_route=\/wp\/v2\/pages\/253\/revisions\/491"}],"wp:attachment":[{"href":"https:\/\/www.olg-anwaelte.de\/index.php?rest_route=%2Fwp%2Fv2%2Fmedia&parent=253"}],"curies":[{"name":"wp","href":"https:\/\/api.w.org\/{rel}","templated":true}]}}