{"id":251,"date":"2014-07-22T10:19:49","date_gmt":"2014-07-22T08:19:49","guid":{"rendered":"http:\/\/www.olg-anwaelte.de\/wordpress\/?page_id=251"},"modified":"2022-12-19T18:06:05","modified_gmt":"2022-12-19T16:06:05","slug":"haftungs-und-regressrecht","status":"publish","type":"page","link":"https:\/\/www.olg-anwaelte.de\/?page_id=251","title":{"rendered":"Haftungs- und Regressrecht"},"content":{"rendered":"<p><!--:de-->Angeh\u00f6rige freier Berufe, z. B. Steuerberater, Wirtschaftspr\u00fcfer, Rechtsanw\u00e4lte, \u00c4rzte, Notare oder Unternehmensberater, sind immer h\u00e4ufiger dem Vorwurf ausgesetzt, bei der Erbringung ihrer Leistungen Fehler gemacht zu haben.<\/p>\n<p>Die Beratung und Vertretung der Berufsangeh\u00f6rigen in solchen F\u00e4llen ist ein Schwerpunkt meiner anwaltlichen T\u00e4tigkeit. Ich werde vor allem von deutschen und internationalen Versicherungsgesellschaften mit der Betreuung solcher F\u00e4lle beauftragt. Dazu geh\u00f6rt auch die L\u00f6sung komplizierter Regresskonstellationen der Versicherer und Sozialversicherungstr\u00e4ger.<!--:--><\/p>\n","protected":false},"excerpt":{"rendered":"<p>Angeh\u00f6rige freier Berufe, z. B. Steuerberater, Wirtschaftspr\u00fcfer, Rechtsanw\u00e4lte, \u00c4rzte, Notare oder Unternehmensberater, sind immer h\u00e4ufiger dem Vorwurf ausgesetzt, bei der Erbringung ihrer Leistungen Fehler gemacht zu haben. Die Beratung und Vertretung der Berufsangeh\u00f6rigen in solchen F\u00e4llen ist ein Schwerpunkt meiner &hellip; <a href=\"https:\/\/www.olg-anwaelte.de\/?page_id=251\">Weiterlesen <span class=\"meta-nav\">&rarr;<\/span><\/a><\/p>\n","protected":false},"author":3,"featured_media":0,"parent":0,"menu_order":0,"comment_status":"closed","ping_status":"closed","template":"page-personal.php","meta":[],"_links":{"self":[{"href":"https:\/\/www.olg-anwaelte.de\/index.php?rest_route=\/wp\/v2\/pages\/251"}],"collection":[{"href":"https:\/\/www.olg-anwaelte.de\/index.php?rest_route=\/wp\/v2\/pages"}],"about":[{"href":"https:\/\/www.olg-anwaelte.de\/index.php?rest_route=\/wp\/v2\/types\/page"}],"author":[{"embeddable":true,"href":"https:\/\/www.olg-anwaelte.de\/index.php?rest_route=\/wp\/v2\/users\/3"}],"replies":[{"embeddable":true,"href":"https:\/\/www.olg-anwaelte.de\/index.php?rest_route=%2Fwp%2Fv2%2Fcomments&post=251"}],"version-history":[{"count":6,"href":"https:\/\/www.olg-anwaelte.de\/index.php?rest_route=\/wp\/v2\/pages\/251\/revisions"}],"predecessor-version":[{"id":494,"href":"https:\/\/www.olg-anwaelte.de\/index.php?rest_route=\/wp\/v2\/pages\/251\/revisions\/494"}],"wp:attachment":[{"href":"https:\/\/www.olg-anwaelte.de\/index.php?rest_route=%2Fwp%2Fv2%2Fmedia&parent=251"}],"curies":[{"name":"wp","href":"https:\/\/api.w.org\/{rel}","templated":true}]}}