{"id":241,"date":"2014-07-22T10:14:47","date_gmt":"2014-07-22T08:14:47","guid":{"rendered":"http:\/\/www.olg-anwaelte.de\/wordpress\/?page_id=241"},"modified":"2022-12-19T13:11:51","modified_gmt":"2022-12-19T11:11:51","slug":"bank-und-anlagerecht","status":"publish","type":"page","link":"https:\/\/www.olg-anwaelte.de\/?page_id=241","title":{"rendered":"Bank- und Anlagerecht"},"content":{"rendered":"<p><!--:de-->Firmen wie auch Privatpersonen stehen in vielf\u00e4ltigen Beziehungen zu Banken, und die Formen der Geldanlage, die sie h\u00e4ufig aufgrund entsprechender Beratung w\u00e4hlen, sind vielf\u00e4ltig. Ich berate und vertrete meine Mandanten in den Bereichen des Bank- und Kapitalanlagerechts au\u00dfergerichtlich wie auch gerichtlich.<!--:--><\/p>\n","protected":false},"excerpt":{"rendered":"<p>Firmen wie auch Privatpersonen stehen in vielf\u00e4ltigen Beziehungen zu Banken, und die Formen der Geldanlage, die sie h\u00e4ufig aufgrund entsprechender Beratung w\u00e4hlen, sind vielf\u00e4ltig. Ich berate und vertrete meine Mandanten in den Bereichen des Bank- und Kapitalanlagerechts au\u00dfergerichtlich wie auch &hellip; <a href=\"https:\/\/www.olg-anwaelte.de\/?page_id=241\">Weiterlesen <span class=\"meta-nav\">&rarr;<\/span><\/a><\/p>\n","protected":false},"author":3,"featured_media":0,"parent":0,"menu_order":0,"comment_status":"closed","ping_status":"closed","template":"page-personal.php","meta":[],"_links":{"self":[{"href":"https:\/\/www.olg-anwaelte.de\/index.php?rest_route=\/wp\/v2\/pages\/241"}],"collection":[{"href":"https:\/\/www.olg-anwaelte.de\/index.php?rest_route=\/wp\/v2\/pages"}],"about":[{"href":"https:\/\/www.olg-anwaelte.de\/index.php?rest_route=\/wp\/v2\/types\/page"}],"author":[{"embeddable":true,"href":"https:\/\/www.olg-anwaelte.de\/index.php?rest_route=\/wp\/v2\/users\/3"}],"replies":[{"embeddable":true,"href":"https:\/\/www.olg-anwaelte.de\/index.php?rest_route=%2Fwp%2Fv2%2Fcomments&post=241"}],"version-history":[{"count":5,"href":"https:\/\/www.olg-anwaelte.de\/index.php?rest_route=\/wp\/v2\/pages\/241\/revisions"}],"predecessor-version":[{"id":468,"href":"https:\/\/www.olg-anwaelte.de\/index.php?rest_route=\/wp\/v2\/pages\/241\/revisions\/468"}],"wp:attachment":[{"href":"https:\/\/www.olg-anwaelte.de\/index.php?rest_route=%2Fwp%2Fv2%2Fmedia&parent=241"}],"curies":[{"name":"wp","href":"https:\/\/api.w.org\/{rel}","templated":true}]}}