{"id":164,"date":"2014-07-18T09:47:32","date_gmt":"2014-07-18T07:47:32","guid":{"rendered":"http:\/\/www.olg-anwaelte.de\/wordpress\/?page_id=164"},"modified":"2022-12-19T18:12:52","modified_gmt":"2022-12-19T16:12:52","slug":"gerharz-beratung-dienstleistung-gestaltung","status":"publish","type":"page","link":"https:\/\/www.olg-anwaelte.de\/?page_id=164","title":{"rendered":"Beratung, Dienstleistung, Gestaltung"},"content":{"rendered":"<p><!--:de-->Ich berate Mandanten aus dem In- und Ausland in allen Bereichen des Zivilrechts, des Wirtschaftsrechts und Verwaltungsrechts.<\/p>\n<p>Zu diesen geh\u00f6ren mittlere und kleinere Unternehmen, die keine eigene Rechtsabteilung unterhalten. F\u00fcr diese bin ich Ansprechpartner in allen Rechtsfragen, mit denen ihr Unternehmen konfrontiert ist.<\/p>\n<p>Ebenso geh\u00f6ren zu meinen Mandanten ausl\u00e4ndische Unternehmen sowie ausl\u00e4ndische Rechtsanw\u00e4lte, die ich in Cross-Border-Vertr\u00e4gen mit Bezug auf Deutschland berate.<\/p>\n<p>Im Bereich des Versicherungsrechts, des Verfahrensrechts und der Internationalen Schiedsgerichtsbarkeit werde ich auch von anderen Juristen eingeschaltet, um in Zusammenarbeit mit ihnen spezielle Probleme zu bearbeiten und zu l\u00f6sen.<\/p>\n<p>Ich unterst\u00fctze und begleite Mandanten bei Firmengr\u00fcndungen, entwerfe und pr\u00fcfe Vertr\u00e4ge, Formulare und Allgemeine Gesch\u00e4ftsbedingungen in deutscher und englischer Sprache.<\/p>\n<p>Ich berate bei der Gestaltung von Erbfolgeregelungen, entwerfe Testamente, Erbvertr\u00e4ge, Patientenverf\u00fcgungen und Vorsorgevollmachten.<\/p>\n","protected":false},"excerpt":{"rendered":"<p>Ich berate Mandanten aus dem In- und Ausland in allen Bereichen des Zivilrechts, des Wirtschaftsrechts und Verwaltungsrechts. Zu diesen geh\u00f6ren mittlere und kleinere Unternehmen, die keine eigene Rechtsabteilung unterhalten. F\u00fcr diese bin ich Ansprechpartner in allen Rechtsfragen, mit denen ihr &hellip; <a href=\"https:\/\/www.olg-anwaelte.de\/?page_id=164\">Weiterlesen <span class=\"meta-nav\">&rarr;<\/span><\/a><\/p>\n","protected":false},"author":2,"featured_media":0,"parent":0,"menu_order":0,"comment_status":"closed","ping_status":"closed","template":"page-personal.php","meta":[],"_links":{"self":[{"href":"https:\/\/www.olg-anwaelte.de\/index.php?rest_route=\/wp\/v2\/pages\/164"}],"collection":[{"href":"https:\/\/www.olg-anwaelte.de\/index.php?rest_route=\/wp\/v2\/pages"}],"about":[{"href":"https:\/\/www.olg-anwaelte.de\/index.php?rest_route=\/wp\/v2\/types\/page"}],"author":[{"embeddable":true,"href":"https:\/\/www.olg-anwaelte.de\/index.php?rest_route=\/wp\/v2\/users\/2"}],"replies":[{"embeddable":true,"href":"https:\/\/www.olg-anwaelte.de\/index.php?rest_route=%2Fwp%2Fv2%2Fcomments&post=164"}],"version-history":[{"count":6,"href":"https:\/\/www.olg-anwaelte.de\/index.php?rest_route=\/wp\/v2\/pages\/164\/revisions"}],"predecessor-version":[{"id":505,"href":"https:\/\/www.olg-anwaelte.de\/index.php?rest_route=\/wp\/v2\/pages\/164\/revisions\/505"}],"wp:attachment":[{"href":"https:\/\/www.olg-anwaelte.de\/index.php?rest_route=%2Fwp%2Fv2%2Fmedia&parent=164"}],"curies":[{"name":"wp","href":"https:\/\/api.w.org\/{rel}","templated":true}]}}