{"id":11,"date":"2014-07-15T07:57:24","date_gmt":"2014-07-15T05:57:24","guid":{"rendered":"http:\/\/www.olg-anwaelte.de\/wordpress\/?page_id=11"},"modified":"2023-02-03T16:09:13","modified_gmt":"2023-02-03T14:09:13","slug":"reinhard-gerharz","status":"publish","type":"page","link":"https:\/\/www.olg-anwaelte.de\/?page_id=11","title":{"rendered":"REINHARD GERHARZ"},"content":{"rendered":"<p><!--:de--><strong>Ausbildung<\/strong><\/p>\n<p><strong>1969 \u2013 1972<\/strong><br \/>\nStudium der Rechtswissenschaften an der Rheinischen Friedrich-Wilhelms Universit\u00e4t in Bonn<\/p>\n<p><strong>1972-1976<\/strong><br \/>\nJuristische Hilfskraft \u00a0in einem Anwaltsb\u00fcro in Bonn im Bereich des Wirtschaftsrechts und Medienrechts<\/p>\n<p><strong>1973<\/strong><br \/>\n1. Juristisches Staatsexamen<\/p>\n<p><strong>1976<\/strong><br \/>\n2.Juristisches Staatsexamen<\/p>\n<p><strong>1976<\/strong><br \/>\nZulassung als Rechtsanwalt und Eintritt in die von Rechtsanwalt Dr. Horst Rottlaender 1935 gegr\u00fcndete Kanzlei. Diese war damals spezialisiert auf Berufungsverfahren vor dem Oberlandesgericht K\u00f6ln, insbesondere im Bereich Vertragsrecht und Staatshaftungsrecht.<\/p>\n<p><strong>1977<\/strong><br \/>\nAufgrund einer Ausnahmegenehmigung des Pr\u00e4sidenten des Oberlandesgerichts K\u00f6ln und des Vorstandes der Rechtsanwaltskammer vorzeitige Zulassung als Rechtsanwalt f\u00fcr das Oberlandesgericht K\u00f6ln (nach \u00a0\u00a0\u00a0 der damaligen Rechtslage war eine 5-j\u00e4hrige Zulassung als Rechtsanwalt erforderlich, um die Zulassung als Anwalt bei einem Oberlandesgericht zu erhalten).<\/p>\n<p><strong>seit 1978<\/strong><br \/>\nPartner der Kanzlei Dr. Rottlaender und Partner, Rechtsanw\u00e4lte bei dem Oberlandesgericht K\u00f6ln<\/p>\n<p><strong>Arbeitserfahrung<\/strong><\/p>\n<p><strong>Seit 1972<\/strong><br \/>\nWirtschaftsrecht, Medienrecht<\/p>\n<p><strong>Seit 1976<\/strong><br \/>\nBerufungsverfahren vor dem Oberlandesgericht, insbesondere Vertragsrecht, Baurecht, Erbrecht, Staatshaftungsrecht Versicherungsrecht, gewerblicher Rechtsschutz<\/p>\n<p>Beratung von Privat- Gesch\u00e4ftskunden, Beh\u00f6rden und Versicherungen im allgemeinen Vertragsrecht und Versicherungsrecht<\/p>\n<p>Beratung von H\u00e4ndlern und Zulieferern der Automobilindustrie im Kartellrecht, Markenrecht und Vertragsh\u00e4ndlerrecht<\/p>\n<p><strong>Seit 1992<\/strong><br \/>\nNebenamtliches Mitglied der Pr\u00fcfungskommission im Justizministerium des Bundeslandes Nordrhein-Westfalen f\u00fcr das 2. Juristische Staatsexamen f\u00fcr das gesamte Zivil- und \u00d6ffentliche Recht<\/p>\n<p><strong>2002 &#8211; 2003<\/strong><br \/>\nLeiter von Lehrg\u00e4ngen zur Ausbildung von Gerichtsreferendaren im Bezirk des Landgerichts K\u00f6ln im Zivilrecht<\/p>\n<p><strong>Seit 01.01.2002<br \/>\n<\/strong>Durch eine Gesetzes\u00e4nderung ist die Einschr\u00e4nkung weggefallen, da\u00df beim Oberlandesgericht zugelassene Anw\u00e4lte nicht in erstinstanzlichen Verfahren t\u00e4tig werden d\u00fcrfen.<\/p>\n<p>Seitdem neben der beratenden T\u00e4tigkeit und der T\u00e4tigkeit als Anwalt bei den Oberlandesgerichten in Berufungssachen auch gerichtliche Vertretung vor den Gerichten der ersten Instanz<\/p>\n<p><strong>2003<\/strong><br \/>\nDozent des Lehrganges f\u00fcr die Ausbildung von Rechtsanw\u00e4lten zu Fachanw\u00e4lten f\u00fcr Versicherungsrecht<\/p>\n<p><strong>Seit 01.01.2010<\/strong><br \/>\nMitglied des gemeinsamen Pr\u00fcfungsamts der L\u00e4nder Hessen, Nordrhein-Westfalen, Rheinland-Pfalz, Saarland und Th\u00fcringen zur Abnahme der Eignungspr\u00fcfung f\u00fcr die Zulassung zur Rechtsanwaltschaft.<\/p>\n<p><strong>T\u00e4tigkeitsschwerpunkte<\/strong><\/p>\n<p>Versicherungsrecht und Haftpflichtrecht<\/p>\n<p>Allgemeines und besonderes Vertragsrecht, Baurecht, Handelsrecht, Gesellschaftsrecht<\/p>\n<p>Wettbewerbsrecht<\/p>\n<p>Nationales und Internationales Erbrecht<\/p>\n<p>Internationales Zivilrecht, Recht der Europ\u00e4ischen Gemeinschaften, Verwaltungsrecht und Verfassungsrecht<\/p>\n<p>nationale und internationale Schiedsgerichtsverfahren<br \/>\n(als Schiedsrichter oder Anwalt)<\/p>\n<p><strong>Mitgliedschaften International<\/strong><\/p>\n<p>International Bar Associacion, London<\/p>\n<p>Internationale Handelskammer (ICC), Paris<\/p>\n<p>Deutsch\/Spanische Juristenvereinigung<\/p>\n<p><strong>Mitgliedschaften National<\/strong><\/p>\n<p>K\u00f6lner Anwaltverein\/Deutscher Anwaltverein<\/p>\n<p>Arbeitsgemeinschaft Versicherungsrecht im Deutschen Anwaltverein<\/p>\n<p>Deutscher Juristentag e.V.<\/p>\n<p><strong>Sprachen<\/strong><\/p>\n<p>Englisch, Spanisch, Franz\u00f6sisch<\/p>\n<p><strong>Vortr\u00e4ge<\/strong><\/p>\n<p><strong>Seit 1997<\/strong><br \/>\nVortr\u00e4ge an Universit\u00e4ten in Peru, Chile, Guatemala, Paraguay \u00fcber das System der Juristenausbildung in Deutschland<!--:--><!--:en--><\/p>\n<p><strong>April 2011<\/strong><br \/>\nVortrag bei der SICA (Secretar\u00eda General del Sistema de la Integraci\u00f3n Centroamericana), El Salvador, \u00fcber das System der Exportkreditversicherung (Seguro de cr\u00e9ditos a la exportaci\u00f3n)<\/p>\n<p><strong>September 2012<br \/>\n<\/strong>Die Exportkreditversicherung im Handel zwischen Deutschland und Lateinamerika<strong><br \/>\n<\/strong><\/p>\n","protected":false},"excerpt":{"rendered":"<p>Ausbildung 1969 \u2013 1972 Studium der Rechtswissenschaften an der Rheinischen Friedrich-Wilhelms Universit\u00e4t in Bonn 1972-1976 Juristische Hilfskraft \u00a0in einem Anwaltsb\u00fcro in Bonn im Bereich des Wirtschaftsrechts und Medienrechts 1973 1. Juristisches Staatsexamen 1976 2.Juristisches Staatsexamen 1976 Zulassung als Rechtsanwalt und &hellip; <a href=\"https:\/\/www.olg-anwaelte.de\/?page_id=11\">Weiterlesen <span class=\"meta-nav\">&rarr;<\/span><\/a><\/p>\n","protected":false},"author":4,"featured_media":105,"parent":0,"menu_order":0,"comment_status":"closed","ping_status":"closed","template":"","meta":[],"_links":{"self":[{"href":"https:\/\/www.olg-anwaelte.de\/index.php?rest_route=\/wp\/v2\/pages\/11"}],"collection":[{"href":"https:\/\/www.olg-anwaelte.de\/index.php?rest_route=\/wp\/v2\/pages"}],"about":[{"href":"https:\/\/www.olg-anwaelte.de\/index.php?rest_route=\/wp\/v2\/types\/page"}],"author":[{"embeddable":true,"href":"https:\/\/www.olg-anwaelte.de\/index.php?rest_route=\/wp\/v2\/users\/4"}],"replies":[{"embeddable":true,"href":"https:\/\/www.olg-anwaelte.de\/index.php?rest_route=%2Fwp%2Fv2%2Fcomments&post=11"}],"version-history":[{"count":14,"href":"https:\/\/www.olg-anwaelte.de\/index.php?rest_route=\/wp\/v2\/pages\/11\/revisions"}],"predecessor-version":[{"id":612,"href":"https:\/\/www.olg-anwaelte.de\/index.php?rest_route=\/wp\/v2\/pages\/11\/revisions\/612"}],"wp:featuredmedia":[{"embeddable":true,"href":"https:\/\/www.olg-anwaelte.de\/index.php?rest_route=\/wp\/v2\/media\/105"}],"wp:attachment":[{"href":"https:\/\/www.olg-anwaelte.de\/index.php?rest_route=%2Fwp%2Fv2%2Fmedia&parent=11"}],"curies":[{"name":"wp","href":"https:\/\/api.w.org\/{rel}","templated":true}]}}